{"id":552,"date":"2024-11-10T22:41:08","date_gmt":"2024-11-10T22:41:08","guid":{"rendered":"https:\/\/www.kitearoundtheworld.com\/?page_id=552"},"modified":"2024-11-10T22:58:36","modified_gmt":"2024-11-10T22:58:36","slug":"sobre-nosotros","status":"publish","type":"page","link":"https:\/\/www.kitearoundtheworld.com\/index.php\/sobre-nosotros\/","title":{"rendered":"Sobre nosotros"},"content":{"rendered":"\n<p style=\"font-size:24px\"><strong>Creemos que se puede hacer cualquier cosa si tiene pasi\u00f3n, ganas y concentraci\u00f3n.<\/strong><\/p>\n\n\n\n<figure class=\"wp-block-image size-large is-resized\"><img loading=\"lazy\" decoding=\"async\" width=\"1024\" height=\"639\" src=\"https:\/\/www.kitearoundtheworld.com\/wp-content\/uploads\/2024\/09\/gaby-2-1024x639.png\" alt=\"\" class=\"wp-image-519\" style=\"width:1158px;height:auto\" srcset=\"https:\/\/www.kitearoundtheworld.com\/wp-content\/uploads\/2024\/09\/gaby-2-1024x639.png 1024w, https:\/\/www.kitearoundtheworld.com\/wp-content\/uploads\/2024\/09\/gaby-2-300x187.png 300w, https:\/\/www.kitearoundtheworld.com\/wp-content\/uploads\/2024\/09\/gaby-2-768x479.png 768w, https:\/\/www.kitearoundtheworld.com\/wp-content\/uploads\/2024\/09\/gaby-2.png 1224w\" sizes=\"auto, (max-width: 1024px) 100vw, 1024px\" \/><\/figure>\n\n\n\n<div style=\"height:41px\" aria-hidden=\"true\" class=\"wp-block-spacer\"><\/div>\n\n\n\n<div style=\"height:36px\" aria-hidden=\"true\" class=\"wp-block-spacer\"><\/div>\n\n\n\n<p class=\"has-text-align-center has-ast-global-color-5-color has-text-color has-background has-link-color wp-elements-c549e87c2ce7158b75539f15bc9c8216\" style=\"background-color:#322ca8;padding-top:var(--wp--preset--spacing--40);padding-bottom:var(--wp--preset--spacing--40);font-size:24px\">Gran Canaria, our Home Spot<\/p>\n\n\n\n<div class=\"wp-block-media-text is-stacked-on-mobile\"><figure class=\"wp-block-media-text__media\"><video controls src=\"https:\/\/www.kitearoundtheworld.com\/wp-content\/uploads\/2024\/09\/IMG_5760-2.mov\"><\/video><\/figure><div class=\"wp-block-media-text__content\">\n<p>\u00a1Bienvenid@ a nuestro mundo de viento y olas!<\/p>\n\n\n\n<p>Somos un grupo unido de entusiastas del kiteboarding con nuestro hogar en las impresionantes costas de Gran Canaria. Con su mezcla perfecta de viento, sol y mar, Gran Canaria ofrece el patio de recreo ideal para nuestra pasi\u00f3n.<\/p>\n\n\n\n<p>Nuestro viaje comenz\u00f3 con un amor compartido por la emoci\u00f3n del kite &#8211; la sensaci\u00f3n de libertad al deslizarse sobre las olas, impulsado por el viento. A lo largo de los a\u00f1os, esta pasi\u00f3n nos ha unido como una comunidad, unidos por nuestra dedicaci\u00f3n a este deporte y la alegr\u00eda que proporciona.<\/p>\n\n\n\n<p>No somos s\u00f3lo un equipo; somos una familia de aventureros que creen que el kitesurf es m\u00e1s que un deporte: es una forma de vida.<\/p>\n\n\n\n<p>Tanto si eres un rider experimentado como un novato ansioso por coger tu primera ola, nuestra misi\u00f3n es compartir el entusiasmo y ayudar a otros a descubrir la magia del kite.<\/p>\n\n\n\n\n<\/div><\/div>\n\n\n\n<div style=\"height:59px\" aria-hidden=\"true\" class=\"wp-block-spacer\"><\/div>\n\n\n\n<p class=\"has-text-align-center has-ast-global-color-5-color has-text-color has-background has-link-color wp-elements-927bdef56c886d25d07019f9140151bf\" style=\"background-color:#322ca8;padding-top:var(--wp--preset--spacing--40);padding-bottom:var(--wp--preset--spacing--40);font-size:24px\">Our IKO Coach &#8211; Team Leader of the Kite Instructors Gaby Cano Mart\u00edn<\/p>\n\n\n\n<h4 class=\"wp-block-heading has-text-align-center\">Subcampe\u00f3n de Espa\u00f1a Olas 2019<\/h4>\n\n\n\n<h4 class=\"wp-block-heading has-text-align-center\">Subcampe\u00f3n de Canarias Olas 2019<\/h4>\n\n\n\n<h4 class=\"wp-block-heading has-text-align-center\">Tercer clasificado GC Air Battle 2018<\/h4>\n\n\n\n<div style=\"height:46px\" aria-hidden=\"true\" class=\"wp-block-spacer\"><\/div>\n\n\n\n<div class=\"wp-block-media-text is-stacked-on-mobile has-ast-global-color-4-background-color has-background\"><figure class=\"wp-block-media-text__media\"><img loading=\"lazy\" decoding=\"async\" width=\"1024\" height=\"1024\" src=\"https:\/\/www.kitearoundtheworld.com\/wp-content\/uploads\/2024\/09\/441575777_400333902838449_6933695176197554419_n-1024x1024.jpg\" alt=\"\" class=\"wp-image-521 size-full\" srcset=\"https:\/\/www.kitearoundtheworld.com\/wp-content\/uploads\/2024\/09\/441575777_400333902838449_6933695176197554419_n-1024x1024.jpg 1024w, https:\/\/www.kitearoundtheworld.com\/wp-content\/uploads\/2024\/09\/441575777_400333902838449_6933695176197554419_n-300x300.jpg 300w, https:\/\/www.kitearoundtheworld.com\/wp-content\/uploads\/2024\/09\/441575777_400333902838449_6933695176197554419_n-150x150.jpg 150w, https:\/\/www.kitearoundtheworld.com\/wp-content\/uploads\/2024\/09\/441575777_400333902838449_6933695176197554419_n-768x768.jpg 768w, https:\/\/www.kitearoundtheworld.com\/wp-content\/uploads\/2024\/09\/441575777_400333902838449_6933695176197554419_n.jpg 1440w\" sizes=\"auto, (max-width: 1024px) 100vw, 1024px\" \/><\/figure><div class=\"wp-block-media-text__content\">\n<p><em>&#8220;Hola! Soy Gaby, me apasionan el mar y las olas desde que soy un ni\u00f1o. Mi primer contacto con ellas fue a trav\u00e9s del bodyboard y desde el 2008 me dedico al Kitesurf en la modalidad strapless (sin cinchas). Este deporte es mi vida. Si hay viento y olas es dif\u00edcil que no me vaya a navegar cada d\u00eda y Canarias nos ofrece unas condiciones excepcionales para ello, as\u00ed que intento aprovecharlas. Es f\u00e1cil encontrarme en una de nuestras playas: Vargas, Jin\u00e1mar, Salinas de Pozo Izquierdo\u2026 Y en cuanto puedo, pillo un avi\u00f3n y me voy a descubrir otros spots en otras partes del mundo. Aun me queda mucho por descubrir y espero compartirlo con todos los amantes del Kitesurf.<\/em>&#8220;<\/p>\n<\/div><\/div>\n\n\n\n<div style=\"height:100px\" aria-hidden=\"true\" class=\"wp-block-spacer\"><\/div>\n\n\n\n<div class=\"wp-block-media-text is-stacked-on-mobile\"><figure class=\"wp-block-media-text__media\"><img loading=\"lazy\" decoding=\"async\" width=\"1024\" height=\"683\" src=\"https:\/\/www.kitearoundtheworld.com\/wp-content\/uploads\/2024\/09\/gaby-2-1024x683.webp\" alt=\"\" class=\"wp-image-486 size-full\" srcset=\"https:\/\/www.kitearoundtheworld.com\/wp-content\/uploads\/2024\/09\/gaby-2-1024x683.webp 1024w, https:\/\/www.kitearoundtheworld.com\/wp-content\/uploads\/2024\/09\/gaby-2-300x200.webp 300w, https:\/\/www.kitearoundtheworld.com\/wp-content\/uploads\/2024\/09\/gaby-2-768x512.webp 768w, https:\/\/www.kitearoundtheworld.com\/wp-content\/uploads\/2024\/09\/gaby-2-1536x1024.webp 1536w, https:\/\/www.kitearoundtheworld.com\/wp-content\/uploads\/2024\/09\/gaby-2-2048x1365.webp 2048w\" sizes=\"auto, (max-width: 1024px) 100vw, 1024px\" \/><\/figure><div class=\"wp-block-media-text__content\">\n<p><em>&#8220;Si te fijas en mis fotos con atenci\u00f3n, navego con una adaptaci\u00f3n en&nbsp;la barra, ya que desde que nac\u00ed sufro de par\u00e1lisis braquial en mi brazo derecho. Esto no ha sido impedimento para intentarlo todo: aparte de bodyboard y kitesurf, he escalado, monto en moto\u2026 S\u00f3lo hace falta tes\u00f3n, \u00e1nimos y un poco de ingenio para adaptar el material a lo que uno puede hacer. Si necesitas ayuda para empezar, escr\u00edbeme! Seguro que encontramos la forma.<\/em> \u00a1LAS LIMITACIONES NOS LAS PONEMOS NOSOTROS MISMOS!&#8221;<\/p>\n<\/div><\/div>\n\n\n\n\n\n\n\n<div style=\"height:51px\" aria-hidden=\"true\" class=\"wp-block-spacer\"><\/div>\n\n\n\n<p class=\"has-text-align-center has-ast-global-color-5-color has-text-color has-background has-link-color wp-elements-35a2138d10c3bd7a7549f42cb9766db7\" style=\"background-color:#322ca8;padding-top:var(--wp--preset--spacing--40);padding-bottom:var(--wp--preset--spacing--40);font-size:24px\">\u00a1Hablemos!<\/p>\n\n\n\n<p>Entendemos que la agenda de cada uno es \u00fanica, y encontrar las fechas perfectas para tu aventura de kitesurf puede ser a veces un reto.<br>Pero no te preocupes: si las fechas de nuestra lista no se ajustan a tus planes, \u00a1te tenemos cubierto!<\/p>\n\n\n\n<p>Dinos cu\u00e1ndo y d\u00f3nde quieres ir, y trabajaremos contigo para dise\u00f1ar un plan de viaje personalizado o un campamento de kite adaptado espec\u00edficamente a tus necesidades. Tanto si sue\u00f1as con atrapar el viento en un lugar ex\u00f3tico como si simplemente quieres explorar nuevos spots de kite con tu propia tripulaci\u00f3n, estamos aqu\u00ed para hacerlo realidad.<\/p>\n\n\n\n<p>Con nuestra experiencia y conocimientos locales, podemos organizar desde itinerarios personalizados hasta campamentos de kite totalmente equipados en algunos de los mejores lugares del mundo. Tu aventura, a tu manera: s\u00f3lo tienes que decirnos tus preferencias y nosotros nos encargaremos del resto.<\/p>\n\n\n\n<p>\u00bfListo para crear tu experiencia de kitesurf perfecta? P\u00f3ngase en contacto con nosotros hoy mismo y hagamos realidad el viaje de sus sue\u00f1os.<\/p>\n\n\n\n<form method=\"post\" class=\"wp-block-gutena-forms gutena-forms-contact-form gutena_forms_ID_f75fc5c2be_392024181331 input-box-border-bottom-only after_submit_message is-layout-flow wp-container-gutena-forms-is-layout-087378d9 wp-block-gutena-forms-is-layout-flow\" style=\"padding-top:2rem;padding-right:1.25rem;padding-bottom:5rem;padding-left:1.25rem\"><input type=\"hidden\" name=\"formid\" value=\"gutena_forms_ID_f75fc5c2be_392024181331\"\/>\n<div class=\"wp-block-columns alignfull are-vertically-aligned-top is-layout-flex wp-container-core-columns-is-layout-28f84493 wp-block-columns-is-layout-flex\">\n<div class=\"wp-block-column is-vertically-aligned-top is-layout-flow wp-block-column-is-layout-flow\">\n<div class=\"wp-block-gutena-field-group  field-group-type-text is-layout-flow wp-block-gutena-field-group-is-layout-flow\">\n<div class=\"wp-block-group is-vertical is-layout-flex wp-container-core-group-is-layout-501cef26 wp-block-group-is-layout-flex\">\n<h3 class=\"wp-block-heading heading-input-label-gutena\">First name<\/h3>\n\n\n<div class=\"gutena-forms-text-field field-name-first_name  wp-block-gutena-form-field\"><input \n\t\t\t\t name=\"first_name\" type=\"text\" class=\"gutena-forms-field text-field required-field  \" placeholder=\"Enter your first name\"  required \n\t\t\t\t\/><\/div><\/div>\n\n\n\n<p class=\"gutena-forms-field-error-msg\"><\/p>\n<\/div>\n<\/div>\n\n\n\n<div class=\"wp-block-column is-vertically-aligned-top is-layout-flow wp-block-column-is-layout-flow\">\n<div class=\"wp-block-gutena-field-group  field-group-type-text is-layout-flow wp-block-gutena-field-group-is-layout-flow\">\n<div class=\"wp-block-group is-vertical is-layout-flex wp-container-core-group-is-layout-501cef26 wp-block-group-is-layout-flex\">\n<h3 class=\"wp-block-heading heading-input-label-gutena\">Last name<\/h3>\n\n\n<div class=\"gutena-forms-text-field field-name-last_name  wp-block-gutena-form-field\"><input \n\t\t\t\t name=\"last_name\" type=\"text\" class=\"gutena-forms-field text-field required-field  \" placeholder=\"Enter your last name\"  required \n\t\t\t\t\/><\/div><\/div>\n\n\n\n<p class=\"gutena-forms-field-error-msg\"><\/p>\n<\/div>\n<\/div>\n<\/div>\n\n\n\n<div class=\"wp-block-columns alignfull are-vertically-aligned-top is-layout-flex wp-container-core-columns-is-layout-28f84493 wp-block-columns-is-layout-flex\">\n<div class=\"wp-block-column is-vertically-aligned-top is-layout-flow wp-block-column-is-layout-flow\">\n<div class=\"wp-block-gutena-field-group  field-group-type-text is-layout-flow wp-block-gutena-field-group-is-layout-flow\">\n<div class=\"wp-block-group is-vertical is-layout-flex wp-container-core-group-is-layout-501cef26 wp-block-group-is-layout-flex\">\n<h3 class=\"wp-block-heading heading-input-label-gutena\">Which kite camp are you interested in?<\/h3>\n\n\n<div class=\"gutena-forms-text-field field-name-subject  wp-block-gutena-form-field\"><input \n\t\t\t\t name=\"subject\" type=\"text\" class=\"gutena-forms-field text-field required-field  \" placeholder=\"Subject\"  required \n\t\t\t\t\/><\/div><\/div>\n\n\n\n<p class=\"gutena-forms-field-error-msg\"><\/p>\n<\/div>\n<\/div>\n\n\n\n<div class=\"wp-block-column is-vertically-aligned-top is-layout-flow wp-block-column-is-layout-flow\">\n<div class=\"wp-block-gutena-field-group  field-group-type-email is-layout-flow wp-block-gutena-field-group-is-layout-flow\">\n<div class=\"wp-block-group is-vertical is-layout-flex wp-container-core-group-is-layout-501cef26 wp-block-group-is-layout-flex\">\n<h3 class=\"wp-block-heading heading-input-label-gutena\">Email<\/h3>\n\n\n<div class=\"gutena-forms-email-field field-name-email  wp-block-gutena-form-field\"><input \n\t\t\t\t name=\"email\" type=\"email\" class=\"gutena-forms-field email-field required-field  \" placeholder=\"example@gmail.com\"  required \n\t\t\t\t\/><\/div><\/div>\n\n\n\n<p class=\"gutena-forms-field-error-msg\"><\/p>\n<\/div>\n<\/div>\n<\/div>\n\n\n\n<div class=\"wp-block-columns alignfull are-vertically-aligned-top is-layout-flex wp-container-core-columns-is-layout-28f84493 wp-block-columns-is-layout-flex\">\n<div class=\"wp-block-column is-vertically-aligned-top is-layout-flow wp-block-column-is-layout-flow\">\n<div class=\"wp-block-gutena-field-group  field-group-type-textarea is-layout-flow wp-block-gutena-field-group-is-layout-flow\">\n<div class=\"wp-block-group is-vertical is-layout-flex wp-container-core-group-is-layout-501cef26 wp-block-group-is-layout-flex\">\n<h3 class=\"wp-block-heading heading-input-label-gutena\">Message<\/h3>\n\n\n<div class=\"gutena-forms-textarea-field field-name-message  wp-block-gutena-form-field\"><textarea \n\t\t\t\t name=\"message\" rows=\"5\" class=\"gutena-forms-field textarea-field required-field  \" placeholder=\"Type here\"  required \n\t\t\t\t><\/textarea><\/div><\/div>\n\n\n\n<p class=\"gutena-forms-field-error-msg\"><\/p>\n<\/div>\n<\/div>\n<\/div>\n\n\n\n<div class=\"wp-block-columns alignfull are-vertically-aligned-top is-layout-flex wp-container-core-columns-is-layout-28f84493 wp-block-columns-is-layout-flex\">\n<div class=\"wp-block-column is-vertically-aligned-top is-layout-flow wp-block-column-is-layout-flow\">\n<div class=\"wp-block-buttons gutena-forms-submit-buttons is-content-justification-center is-layout-flex wp-container-core-buttons-is-layout-a89b3969 wp-block-buttons-is-layout-flex\">\n<div class=\"wp-block-button gutena-forms-submit-button\"><button class=\"wp-block-button__link has-background wp-element-button\" style=\"background-color:#322ca8\">Send<\/button><\/div>\n<\/div>\n<\/div>\n<\/div>\n\n\n\n<div class=\"wp-block-gutena-form-confirm-msg alignfull is-layout-flow wp-block-gutena-form-confirm-msg-is-layout-flow\">\n<div class=\"wp-block-group has-background is-content-justification-left is-nowrap is-layout-flex wp-container-core-group-is-layout-385d3396 wp-block-group-is-layout-flex\" style=\"border-radius:5px;background-color:#d8eacc;padding-top:12px;padding-right:12px;padding-bottom:12px;padding-left:12px\">\n<figure class=\"wp-block-image size-large form-message-icon\"><img decoding=\"async\" src=\"data:image\/svg+xml;base64,PHN2ZyB3aWR0aD0iMTYiIGhlaWdodD0iMTYiIHZpZXdCb3g9IjAgMCAxNiAxNiIgZmlsbD0ibm9uZSIgeG1sbnM9Imh0dHA6Ly93d3cudzMub3JnLzIwMDAvc3ZnIj4KPHBhdGggZD0iTTggMTZDMy41ODE2IDE2IDAgMTIuNDE4NCAwIDhDMCAzLjU4MTYgMy41ODE2IDAgOCAwQzEyLjQxODQgMCAxNiAzLjU4MTYgMTYgOEMxNiAxMi40MTg0IDEyLjQxODQgMTYgOCAxNlpNOCAxNC40QzkuNjk3MzkgMTQuNCAxMS4zMjUzIDEzLjcyNTcgMTIuNTI1NSAxMi41MjU1QzEzLjcyNTcgMTEuMzI1MyAxNC40IDkuNjk3MzkgMTQuNCA4QzE0LjQgNi4zMDI2MSAxMy43MjU3IDQuNjc0NzUgMTIuNTI1NSAzLjQ3NDUyQzExLjMyNTMgMi4yNzQyOCA5LjY5NzM5IDEuNiA4IDEuNkM2LjMwMjYxIDEuNiA0LjY3NDc1IDIuMjc0MjggMy40NzQ1MiAzLjQ3NDUyQzIuMjc0MjggNC42NzQ3NSAxLjYgNi4zMDI2MSAxLjYgOEMxLjYgOS42OTczOSAyLjI3NDI4IDExLjMyNTMgMy40NzQ1MiAxMi41MjU1QzQuNjc0NzUgMTMuNzI1NyA2LjMwMjYxIDE0LjQgOCAxNC40Wk03LjIwMjQgMTEuMkwzLjgwOCA3LjgwNTZMNC45MzkyIDYuNjc0NEw3LjIwMjQgOC45Mzc2TDExLjcyNzIgNC40MTJMMTIuODU5MiA1LjU0MzJMNy4yMDI0IDExLjJaIiBmaWxsPSIjNDY4NDFFIi8+Cjwvc3ZnPgo=\" alt=\"Success\" class=\"wp-image-3811\"\/><\/figure>\n\n\n\n<p class=\"has-black-color has-text-color has-tiny-font-size\" style=\"font-size:12px;font-style:normal;font-weight:500;line-height:1.2\">Your form submitted successfully!<\/p>\n<\/div>\n<\/div>\n\n\n\n<div class=\"wp-block-gutena-form-error-msg alignfull is-layout-flow wp-block-gutena-form-error-msg-is-layout-flow\">\n<div class=\"wp-block-group has-background is-content-justification-left is-nowrap is-layout-flex wp-container-core-group-is-layout-385d3396 wp-block-group-is-layout-flex\" style=\"border-radius:5px;background-color:#ffd3d3;padding-top:12px;padding-right:12px;padding-bottom:12px;padding-left:12px\">\n<figure class=\"wp-block-image size-large form-message-icon\"><img decoding=\"async\" src=\"data:image\/svg+xml;base64,PHN2ZyB3aWR0aD0iMTYiIGhlaWdodD0iMTYiIHZpZXdCb3g9IjAgMCAxNiAxNiIgZmlsbD0ibm9uZSIgeG1sbnM9Imh0dHA6Ly93d3cudzMub3JnLzIwMDAvc3ZnIj4KPHBhdGggZD0iTTggMTZDMy41ODE2IDE2IDAgMTIuNDE4NCAwIDhDMCAzLjU4MTYgMy41ODE2IDAgOCAwQzEyLjQxODQgMCAxNiAzLjU4MTYgMTYgOEMxNiAxMi40MTg0IDEyLjQxODQgMTYgOCAxNlpNOCAxNC40QzkuNjk3MzkgMTQuNCAxMS4zMjUzIDEzLjcyNTcgMTIuNTI1NSAxMi41MjU1QzEzLjcyNTcgMTEuMzI1MyAxNC40IDkuNjk3MzkgMTQuNCA4QzE0LjQgNi4zMDI2MSAxMy43MjU3IDQuNjc0NzUgMTIuNTI1NSAzLjQ3NDUyQzExLjMyNTMgMi4yNzQyOCA5LjY5NzM5IDEuNiA4IDEuNkM2LjMwMjYxIDEuNiA0LjY3NDc1IDIuMjc0MjggMy40NzQ1MiAzLjQ3NDUyQzIuMjc0MjggNC42NzQ3NSAxLjYgNi4zMDI2MSAxLjYgOEMxLjYgOS42OTczOSAyLjI3NDI4IDExLjMyNTMgMy40NzQ1MiAxMi41MjU1QzQuNjc0NzUgMTMuNzI1NyA2LjMwMjYxIDE0LjQgOCAxNC40Wk03LjIgMTAuNEg4LjhWMTJINy4yVjEwLjRaTTcuMiA0SDguOFY4LjhINy4yVjRaIiBmaWxsPSIjQzUxOTE5Ii8+Cjwvc3ZnPgo=\" alt=\"Error\" class=\"wp-image-3811\"\/><\/figure>\n\n\n\n<p class=\"gutena-forms-error-text has-black-color has-text-color\" style=\"font-size:12px;font-style:normal;font-weight:500;line-height:1.2\">Sorry! your form was not submitted properly, Please check the errors above.<\/p>\n<\/div>\n<\/div>\n<\/form>\n","protected":false},"excerpt":{"rendered":"<p>Creemos que se puede hacer cualquier cosa si tiene pasi\u00f3n, ganas y concentraci\u00f3n. Gran Canaria, our Home Spot \u00a1Bienvenid@ a [&hellip;]<\/p>\n","protected":false},"author":1,"featured_media":0,"parent":0,"menu_order":0,"comment_status":"closed","ping_status":"closed","template":"","meta":{"site-sidebar-layout":"default","site-content-layout":"","ast-site-content-layout":"","site-content-style":"default","site-sidebar-style":"default","ast-global-header-display":"","ast-banner-title-visibility":"","ast-main-header-display":"","ast-hfb-above-header-display":"","ast-hfb-below-header-display":"","ast-hfb-mobile-header-display":"","site-post-title":"","ast-breadcrumbs-content":"","ast-featured-img":"","footer-sml-layout":"","theme-transparent-header-meta":"","adv-header-id-meta":"","stick-header-meta":"","header-above-stick-meta":"","header-main-stick-meta":"","header-below-stick-meta":"","astra-migrate-meta-layouts":"default","ast-page-background-enabled":"default","ast-page-background-meta":{"desktop":{"background-color":"var(--ast-global-color-4)","background-image":"","background-repeat":"repeat","background-position":"center center","background-size":"auto","background-attachment":"scroll","background-type":"","background-media":"","overlay-type":"","overlay-color":"","overlay-opacity":"","overlay-gradient":""},"tablet":{"background-color":"","background-image":"","background-repeat":"repeat","background-position":"center center","background-size":"auto","background-attachment":"scroll","background-type":"","background-media":"","overlay-type":"","overlay-color":"","overlay-opacity":"","overlay-gradient":""},"mobile":{"background-color":"","background-image":"","background-repeat":"repeat","background-position":"center center","background-size":"auto","background-attachment":"scroll","background-type":"","background-media":"","overlay-type":"","overlay-color":"","overlay-opacity":"","overlay-gradient":""}},"ast-content-background-meta":{"desktop":{"background-color":"var(--ast-global-color-5)","background-image":"","background-repeat":"repeat","background-position":"center center","background-size":"auto","background-attachment":"scroll","background-type":"","background-media":"","overlay-type":"","overlay-color":"","overlay-opacity":"","overlay-gradient":""},"tablet":{"background-color":"var(--ast-global-color-5)","background-image":"","background-repeat":"repeat","background-position":"center center","background-size":"auto","background-attachment":"scroll","background-type":"","background-media":"","overlay-type":"","overlay-color":"","overlay-opacity":"","overlay-gradient":""},"mobile":{"background-color":"var(--ast-global-color-5)","background-image":"","background-repeat":"repeat","background-position":"center center","background-size":"auto","background-attachment":"scroll","background-type":"","background-media":"","overlay-type":"","overlay-color":"","overlay-opacity":"","overlay-gradient":""}},"footnotes":""},"class_list":["post-552","page","type-page","status-publish","hentry"],"_links":{"self":[{"href":"https:\/\/www.kitearoundtheworld.com\/index.php\/wp-json\/wp\/v2\/pages\/552","targetHints":{"allow":["GET"]}}],"collection":[{"href":"https:\/\/www.kitearoundtheworld.com\/index.php\/wp-json\/wp\/v2\/pages"}],"about":[{"href":"https:\/\/www.kitearoundtheworld.com\/index.php\/wp-json\/wp\/v2\/types\/page"}],"author":[{"embeddable":true,"href":"https:\/\/www.kitearoundtheworld.com\/index.php\/wp-json\/wp\/v2\/users\/1"}],"replies":[{"embeddable":true,"href":"https:\/\/www.kitearoundtheworld.com\/index.php\/wp-json\/wp\/v2\/comments?post=552"}],"version-history":[{"count":3,"href":"https:\/\/www.kitearoundtheworld.com\/index.php\/wp-json\/wp\/v2\/pages\/552\/revisions"}],"predecessor-version":[{"id":563,"href":"https:\/\/www.kitearoundtheworld.com\/index.php\/wp-json\/wp\/v2\/pages\/552\/revisions\/563"}],"wp:attachment":[{"href":"https:\/\/www.kitearoundtheworld.com\/index.php\/wp-json\/wp\/v2\/media?parent=552"}],"curies":[{"name":"wp","href":"https:\/\/api.w.org\/{rel}","templated":true}]}}